{"id":58,"date":"2018-06-01T22:21:10","date_gmt":"2018-06-01T22:21:10","guid":{"rendered":"https:\/\/manuelaochakovski.com\/?page_id=58"},"modified":"2018-06-02T22:36:13","modified_gmt":"2018-06-02T22:36:13","slug":"manuela","status":"publish","type":"page","link":"https:\/\/manuelaochakovski.com\/","title":{"rendered":"Manuela"},"content":{"rendered":"<div class=\"n2-code n2-ss-slider-shortcode-id\"><\/div>\n<p>Manuela Ochakovski woont en werkt sinds 2002 in Nederland. Haar zangcarri\u00e8re omspant ruim 20 jaar. Zij zong als solist grote rollen in gerenommeerde operahuizen en concertzalen, met name in Duitsland. Naast haar optredens heeft zij altijd les gegeven. Na het bouwen van haar zangstudio richt Manuela Ochakovski zich volledig op het geven van zanglessen aan professionals en amateurs en aan het coachen van professionele zangers.<\/p>\n<p>De sopraan Manuela Ochakovski is van oorsprong Roemeense. Zij studeerde cum laude af aan de muziekacademie in Iasi (Roemeni\u00eb). Aansluitend op haar studie was zij van 1986 tot 1991 als operazangeres verbonden aan de staatsopera van Timisoara (Roemeni\u00eb) waar ze onder andere de &#8216;K\u00f6nigin der Nacht&#8217;, &#8216;Gilda&#8217;, &#8216;Olympia&#8217; en &#8216;Rosina&#8217; zong. Gedurende deze periode werd zij veelvuldig uitgenodigd door de belangrijkste Roemeense symfonieorkesten voor galaconcerten en tv-optredens.<br \/>\nIn de beide daaropvolgende seizoenen zong ze als gast bij de St\u00e4dtischen B\u00fchnen in Regensburg de rollen &#8216;Gilda&#8217; en &#8216;Lucia di Lammermoor&#8217;. Van 1993 tot en met augustus 2000 was zij verbonden aan het Oldenburgischen Staatstheater waar zij een omvangrijk repertoire opbouwde met onder andere de rol van Sophie (Der Rosenkavalier, regie Brigitte Fassbender) en Rosina (Il Barbiere di Siviglia, met Dietrich Henschel als Figaro).<br \/>\nZij behaalde een groot succes in de wereldpremiere &#8216;An den sch\u00f6nen blauen Donau&#8217; van Franz Hummel (Dirigent Peter Kuhn, Regie H. Lukas-Kindermann) in Dortmund en twee premieres in Stuttgart met de Stuttgarter Philharmonie (Dirigent Lothar Zagrosek).<br \/>\nIn Frankfurt am Main trad zij op als gast in &#8216;Die W\u00e4nde&#8217; van Adriana H\u00f6lszky (Dirigent Berhard Kontarsky, Regie Hans Hollmann).<br \/>\nZij vervulde in het seizoen 2001-2002 in het Staatstheater Hannover \u00e9\u00e9n van de hoofdrollen in de opzienbarende wereldpremiere van \u2018Europeras I-V\u2019 van John Cage (Dirigent Johannes Harneit, Regie Nigel Lowery). In 2002 was zij als soliste ge\u00ebngageerd bij de Zeitgen\u00f6ssische Oper Berlin, als Isolde in \u2018Le Vin herb\u00e9\u2019 van Frank Martin.<br \/>\nManuela Ochakovski werkt nauw samen met de komponisten H.J. Hespos, Adriana H\u00f6lszky en Violeta Dinescu.<br \/>\nVele concerttournee\u00ebn voerden haar naar Itali\u00eb, de Verenigde Staten, Canada, Oostenrijk, Belgi\u00eb, Luxemburg en Nederland. Gastoptredens en concerten werden geboekt in Regensburg, Trier, L\u00fcbeck, Dortmund, Rostock, Weingarten, Stuttgart, Aken, Frankfurt am Main en Berlijn. Er zijn verscheidene radio-opnamen gemaakt van Manuela Ochakovski&#8217;s vertolking van de muziek van H.J. Hespos bij de S\u00fcdwestfunk en Radio Bremen.<br \/>\nNaast haar carri\u00e8re als uitvoerend musicus is Manuela Ochakovski al vanaf 1986 actief als zangpedagoge. Met haar zangstudio \u2018il Portamento\u2019 groeit zij langzaamaan naar een internationale reputatie. Behalve uit Nederland hebben ook zangers uit Belgi\u00eb, Engeland, Zwitserland en Canada hun weg naar \u2018il Portamento\u2019 gevonden. Een aantal van hen is inmiddels werkzaam als solist op (inter)nationale podia.<\/p>\n<pre><img loading=\"lazy\" decoding=\"async\" class=\"alignnone size-medium wp-image-147\" src=\"https:\/\/manuelaochakovski.com\/wp-content\/uploads\/2018\/06\/Camarena-2-242x300.jpg\" alt=\"\" width=\"242\" height=\"300\" srcset=\"https:\/\/manuelaochakovski.com\/wp-content\/uploads\/2018\/06\/Camarena-2-242x300.jpg 242w, https:\/\/manuelaochakovski.com\/wp-content\/uploads\/2018\/06\/Camarena-2.jpg 398w\" sizes=\"auto, (max-width: 242px) 100vw, 242px\" \/> Manuela en Javier Camarena<\/pre>\n<p><em><strong>Marijn Zwitserlood<\/strong> <\/em><br \/>\n<em>Bij Manuela heb ik &#8230;<\/em><br \/>\n<em>geleerd dat alles in verbinding staat. Ten eerste de adem met de resonans. Deze verbinding moet zeer genuanceerd in balans worden gehouden. Daarnaast de verbinding tussen de verschillende toonhoogten en tussen alle klinkers en medeklinkers, die nodig is voor een perfect legato. En tot slot ook de verbinding tussen techniek, muzikale expressie, de interpretatie van het personage dat je zingt en het acteren.<\/em><br \/>\n<em>Manuela heeft ook een ongelofelijk goede sensitiviteit voor spanningen en blokkades in het lichaam van de leerling. Op korte termijn heeft dit tot gevolg dat ik aan het einde van een les bij Manuela meer ontspannen ben en meer energie heb dan aan het begin. Meer hardnekkige blokkades worden op de langere termijn met eindeloos geduld weg gewerkt. Als alles in verbinding staat en de stem vrij kan klinken door een lichaam waar de spierspanning enkel daar zit waar hij hoort te zitten, blijkt er een enorme hoeveelheid energie en aandacht over te zijn, die geheel ten goede kan komen aan het musiceren. \u00a0\u00a0Marijn Zwitserlood, bariton, Utrecht <\/em><br \/>\n<a href=\"http:\/\/www.marijnzwitserlood.com\"><em>www.marijnzwitserlood.com<\/em><\/a><\/p>\n<p><em><strong>Jeannette Bakker<\/strong> <\/em><br \/>\n<em>Manuela is in staat&#8230;<\/em><br \/>\n<em>om je het alpha en omega bij te brengen op zangtechnisch, muzikaal en psychologisch gebied op een buitengewoon bekwame manier en met veel geduld. Een oprechte aanrader! \u00a0\u00a0Jeannette Bakker, sopraan, Brussel<\/em><\/p>\n","protected":false},"excerpt":{"rendered":"<p>Manuela Ochakovski woont en werkt sinds 2002 in Nederland. Haar zangcarri\u00e8re omspant ruim 20 jaar. Zij zong als solist grote rollen in gerenommeerde operahuizen en concertzalen, met name in Duitsland. Naast haar optredens heeft zij altijd les gegeven. Na het bouwen van haar zangstudio richt Manuela Ochakovski zich volledig op het geven van zanglessen aan &hellip;<\/p>\n","protected":false},"author":3235,"featured_media":0,"parent":0,"menu_order":0,"comment_status":"closed","ping_status":"closed","template":"","meta":{"footnotes":""},"class_list":["post-58","page","type-page","status-publish","hentry"],"_links":{"self":[{"href":"https:\/\/manuelaochakovski.com\/index.php?rest_route=\/wp\/v2\/pages\/58","targetHints":{"allow":["GET"]}}],"collection":[{"href":"https:\/\/manuelaochakovski.com\/index.php?rest_route=\/wp\/v2\/pages"}],"about":[{"href":"https:\/\/manuelaochakovski.com\/index.php?rest_route=\/wp\/v2\/types\/page"}],"author":[{"embeddable":true,"href":"https:\/\/manuelaochakovski.com\/index.php?rest_route=\/wp\/v2\/users\/3235"}],"replies":[{"embeddable":true,"href":"https:\/\/manuelaochakovski.com\/index.php?rest_route=%2Fwp%2Fv2%2Fcomments&post=58"}],"version-history":[{"count":8,"href":"https:\/\/manuelaochakovski.com\/index.php?rest_route=\/wp\/v2\/pages\/58\/revisions"}],"predecessor-version":[{"id":152,"href":"https:\/\/manuelaochakovski.com\/index.php?rest_route=\/wp\/v2\/pages\/58\/revisions\/152"}],"wp:attachment":[{"href":"https:\/\/manuelaochakovski.com\/index.php?rest_route=%2Fwp%2Fv2%2Fmedia&parent=58"}],"curies":[{"name":"wp","href":"https:\/\/api.w.org\/{rel}","templated":true}]}}